{"id":84,"date":"2025-11-01T16:17:23","date_gmt":"2025-11-01T16:17:23","guid":{"rendered":"https:\/\/boutiqueanimal.alojo.app\/wp\/?post_type=product&#038;p=84"},"modified":"2026-04-28T13:51:33","modified_gmt":"2026-04-28T18:51:33","slug":"tapete-entrenador-de-orina","status":"publish","type":"product","link":"https:\/\/boutiqueanimal.co\/en\/product\/tapete-entrenador-de-orina\/","title":{"rendered":"Tapete Entrenador de Orina"},"content":{"rendered":"<p>Tapetes higienicos dise\u00f1ados para absorber de manera r\u00e1pida y eficaz, manteniendo la superficie seca y limpia. Son suaves al tacto, resistentes y perfectos para el entrenamiento de cachorros, perros adultos que necesitan un punto fijo para orinar o para usar dentro de jaulas y transportadoras.<\/p>\n<ul>\n<li data-start=\"734\" data-end=\"809\">\n<p data-start=\"736\" data-end=\"809\">\ud83d\udca7 <strong data-start=\"739\" data-end=\"761\">S\u00faper absorbentes:<\/strong> retienen m\u00e1s l\u00edquido que los tapetes comunes.<\/p>\n<\/li>\n<li data-start=\"810\" data-end=\"888\">\n<p data-start=\"812\" data-end=\"888\">\ud83d\udeab <strong data-start=\"815\" data-end=\"830\">Sin olores:<\/strong> neutralizan malos olores para mantener tu hogar fresco.<\/p>\n<\/li>\n<li data-start=\"889\" data-end=\"957\">\n<p data-start=\"891\" data-end=\"957\">\ud83d\udd12 <strong data-start=\"894\" data-end=\"916\">A prueba de fugas:<\/strong> dise\u00f1o sellado que evita filtraciones.<\/p>\n<\/li>\n<\/ul>\n<h3><strong>MEDIDAS<\/strong><\/h3>\n<p>Talla S 45x33cm<br \/>\nTalla M 60x45cm<br \/>\nTalla L 60x60cm<br \/>\nTalla XL 90x60cm<\/p>","protected":false},"excerpt":{"rendered":"<p>Tapetes higienicos dise\u00f1ados para absorber de manera r\u00e1pida y eficaz, manteniendo la superficie seca y limpia. Son suaves al tacto, resistentes y perfectos para el entrenamiento de cachorros, perros adultos que necesitan un punto fijo para orinar o para usar dentro de jaulas y transportadoras.<\/p>\n<ul>\n<li data-start=\"734\" data-end=\"809\">\n<p data-start=\"736\" data-end=\"809\">\ud83d\udca7 <strong data-start=\"739\" data-end=\"761\">S\u00faper absorbentes:<\/strong> retienen m\u00e1s l\u00edquido que los tapetes comunes.<\/p>\n<\/li>\n<li data-start=\"810\" data-end=\"888\">\n<p data-start=\"812\" data-end=\"888\">\ud83d\udeab <strong data-start=\"815\" data-end=\"830\">Sin olores:<\/strong> neutralizan malos olores para mantener tu hogar fresco.<\/p>\n<\/li>\n<li data-start=\"889\" data-end=\"957\">\n<p data-start=\"891\" data-end=\"957\">\ud83d\udd12 <strong data-start=\"894\" data-end=\"916\">A prueba de fugas:<\/strong> dise\u00f1o sellado que evita filtraciones.<\/p>\n<\/li>\n<\/ul>\n<h3><strong>MEDIDAS<\/strong><\/h3>\n<p>Talla S 45x33cm<br \/>\nTalla M 60x45cm<br \/>\nTalla L 60x60cm<br \/>\nTalla XL 90x60cm<\/p>","protected":false},"featured_media":196,"template":"","meta":{"_joinchat":[]},"product_brand":[],"product_cat":[17,19,18,24],"product_tag":[],"class_list":{"0":"post-84","1":"product","2":"type-product","3":"status-publish","4":"has-post-thumbnail","6":"product_cat-higiene","7":"product_cat-higiene-perros","8":"product_cat-perros","9":"product_cat-productos-nuevos","10":"product_shipping_class-envio-gratis","13":"first","14":"outofstock","15":"shipping-taxable","16":"purchasable","17":"product-type-variable"},"yoast_head":"<!-- This site is optimized with the Yoast SEO plugin v27.2 - https:\/\/yoast.com\/product\/yoast-seo-wordpress\/ -->\n<title>Tapete Entrenador de Orina - Boutique Animal<\/title>\n<meta name=\"robots\" content=\"index, follow, max-snippet:-1, max-image-preview:large, max-video-preview:-1\" \/>\n<link rel=\"canonical\" href=\"https:\/\/boutiqueanimal.co\/en\/product\/tapete-entrenador-de-orina\/\" \/>\n<meta property=\"og:locale\" content=\"en_US\" \/>\n<meta property=\"og:type\" content=\"article\" \/>\n<meta property=\"og:title\" content=\"Tapete Entrenador de Orina - Boutique Animal\" \/>\n<meta property=\"og:description\" content=\"Tapetes higienicos dise\u00f1ados para absorber de manera r\u00e1pida y eficaz, manteniendo la superficie seca y limpia. Son suaves al tacto, resistentes y perfectos para el entrenamiento de cachorros, perros adultos que necesitan un punto fijo para orinar o para usar dentro de jaulas y transportadoras.    \ud83d\udca7 S\u00faper absorbentes: retienen m\u00e1s l\u00edquido que los tapetes comunes.    \ud83d\udeab Sin olores: neutralizan malos olores para mantener tu hogar fresco.    \ud83d\udd12 A prueba de fugas: dise\u00f1o sellado que evita filtraciones.   MEDIDAS Talla S 45x33cm Talla M 60x45cm Talla L 60x60cm Talla XL 90x60cm\" \/>\n<meta property=\"og:url\" content=\"https:\/\/boutiqueanimal.co\/en\/product\/tapete-entrenador-de-orina\/\" \/>\n<meta property=\"og:site_name\" content=\"Boutique Animal\" \/>\n<meta property=\"article:publisher\" content=\"https:\/\/www.facebook.com\/BoutiqueAnimalCo\" \/>\n<meta property=\"article:modified_time\" content=\"2026-04-28T18:51:33+00:00\" \/>\n<meta property=\"og:image\" content=\"https:\/\/boutiqueanimal.co\/wp-content\/uploads\/2025\/11\/tapete-higienico.jpg\" \/>\n\t<meta property=\"og:image:width\" content=\"750\" \/>\n\t<meta property=\"og:image:height\" content=\"750\" \/>\n\t<meta property=\"og:image:type\" content=\"image\/jpeg\" \/>\n<meta name=\"twitter:card\" content=\"summary_large_image\" \/>\n<script type=\"application\/ld+json\" class=\"yoast-schema-graph\">{\"@context\":\"https:\/\/schema.org\",\"@graph\":[{\"@type\":\"WebPage\",\"@id\":\"https:\/\/boutiqueanimal.co\/producto\/tapete-entrenador-de-orina\/\",\"url\":\"https:\/\/boutiqueanimal.co\/producto\/tapete-entrenador-de-orina\/\",\"name\":\"Tapete Entrenador de Orina - Boutique Animal\",\"isPartOf\":{\"@id\":\"https:\/\/boutiqueanimal.co\/#website\"},\"primaryImageOfPage\":{\"@id\":\"https:\/\/boutiqueanimal.co\/producto\/tapete-entrenador-de-orina\/#primaryimage\"},\"image\":{\"@id\":\"https:\/\/boutiqueanimal.co\/producto\/tapete-entrenador-de-orina\/#primaryimage\"},\"thumbnailUrl\":\"https:\/\/boutiqueanimal.co\/wp-content\/uploads\/2025\/11\/tapete-higienico.jpg\",\"datePublished\":\"2025-11-01T16:17:23+00:00\",\"dateModified\":\"2026-04-28T18:51:33+00:00\",\"breadcrumb\":{\"@id\":\"https:\/\/boutiqueanimal.co\/producto\/tapete-entrenador-de-orina\/#breadcrumb\"},\"inLanguage\":\"en-US\",\"potentialAction\":[{\"@type\":\"ReadAction\",\"target\":[\"https:\/\/boutiqueanimal.co\/producto\/tapete-entrenador-de-orina\/\"]}]},{\"@type\":\"ImageObject\",\"inLanguage\":\"en-US\",\"@id\":\"https:\/\/boutiqueanimal.co\/producto\/tapete-entrenador-de-orina\/#primaryimage\",\"url\":\"https:\/\/boutiqueanimal.co\/wp-content\/uploads\/2025\/11\/tapete-higienico.jpg\",\"contentUrl\":\"https:\/\/boutiqueanimal.co\/wp-content\/uploads\/2025\/11\/tapete-higienico.jpg\",\"width\":750,\"height\":750},{\"@type\":\"BreadcrumbList\",\"@id\":\"https:\/\/boutiqueanimal.co\/producto\/tapete-entrenador-de-orina\/#breadcrumb\",\"itemListElement\":[{\"@type\":\"ListItem\",\"position\":1,\"name\":\"Inicio\",\"item\":\"https:\/\/boutiqueanimal.co\/\"},{\"@type\":\"ListItem\",\"position\":2,\"name\":\"Tienda\",\"item\":\"https:\/\/boutiqueanimal.co\/tienda\/\"},{\"@type\":\"ListItem\",\"position\":3,\"name\":\"Tapete Entrenador de Orina\"}]},{\"@type\":\"WebSite\",\"@id\":\"https:\/\/boutiqueanimal.co\/#website\",\"url\":\"https:\/\/boutiqueanimal.co\/\",\"name\":\"Boutique Animal\",\"description\":\"Tienda online de productos para mascotas en Colombia. Env\u00edos r\u00e1pidos y gratis en compras superiores a $100.000\",\"publisher\":{\"@id\":\"https:\/\/boutiqueanimal.co\/#organization\"},\"potentialAction\":[{\"@type\":\"SearchAction\",\"target\":{\"@type\":\"EntryPoint\",\"urlTemplate\":\"https:\/\/boutiqueanimal.co\/?s={search_term_string}\"},\"query-input\":{\"@type\":\"PropertyValueSpecification\",\"valueRequired\":true,\"valueName\":\"search_term_string\"}}],\"inLanguage\":\"en-US\"},{\"@type\":\"Organization\",\"@id\":\"https:\/\/boutiqueanimal.co\/#organization\",\"name\":\"Boutique Animal\",\"url\":\"https:\/\/boutiqueanimal.co\/\",\"logo\":{\"@type\":\"ImageObject\",\"inLanguage\":\"en-US\",\"@id\":\"https:\/\/boutiqueanimal.co\/#\/schema\/logo\/image\/\",\"url\":\"https:\/\/boutiqueanimal.co\/wp-content\/uploads\/2025\/11\/perrito-pc-1024x1024-1.png\",\"contentUrl\":\"https:\/\/boutiqueanimal.co\/wp-content\/uploads\/2025\/11\/perrito-pc-1024x1024-1.png\",\"width\":1024,\"height\":1024,\"caption\":\"Boutique Animal\"},\"image\":{\"@id\":\"https:\/\/boutiqueanimal.co\/#\/schema\/logo\/image\/\"},\"sameAs\":[\"https:\/\/www.facebook.com\/BoutiqueAnimalCo\"]}]}<\/script>\n<!-- \/ Yoast SEO plugin. -->","yoast_head_json":{"title":"Tapete Entrenador de Orina - Boutique Animal","robots":{"index":"index","follow":"follow","max-snippet":"max-snippet:-1","max-image-preview":"max-image-preview:large","max-video-preview":"max-video-preview:-1"},"canonical":"https:\/\/boutiqueanimal.co\/en\/product\/tapete-entrenador-de-orina\/","og_locale":"en_US","og_type":"article","og_title":"Tapete Entrenador de Orina - Boutique Animal","og_description":"Tapetes higienicos dise\u00f1ados para absorber de manera r\u00e1pida y eficaz, manteniendo la superficie seca y limpia. Son suaves al tacto, resistentes y perfectos para el entrenamiento de cachorros, perros adultos que necesitan un punto fijo para orinar o para usar dentro de jaulas y transportadoras.    \ud83d\udca7 S\u00faper absorbentes: retienen m\u00e1s l\u00edquido que los tapetes comunes.    \ud83d\udeab Sin olores: neutralizan malos olores para mantener tu hogar fresco.    \ud83d\udd12 A prueba de fugas: dise\u00f1o sellado que evita filtraciones.   MEDIDAS Talla S 45x33cm Talla M 60x45cm Talla L 60x60cm Talla XL 90x60cm","og_url":"https:\/\/boutiqueanimal.co\/en\/product\/tapete-entrenador-de-orina\/","og_site_name":"Boutique Animal","article_publisher":"https:\/\/www.facebook.com\/BoutiqueAnimalCo","article_modified_time":"2026-04-28T18:51:33+00:00","og_image":[{"width":750,"height":750,"url":"https:\/\/boutiqueanimal.co\/wp-content\/uploads\/2025\/11\/tapete-higienico.jpg","type":"image\/jpeg"}],"twitter_card":"summary_large_image","schema":{"@context":"https:\/\/schema.org","@graph":[{"@type":"WebPage","@id":"https:\/\/boutiqueanimal.co\/producto\/tapete-entrenador-de-orina\/","url":"https:\/\/boutiqueanimal.co\/producto\/tapete-entrenador-de-orina\/","name":"Tapete Entrenador de Orina - Boutique Animal","isPartOf":{"@id":"https:\/\/boutiqueanimal.co\/#website"},"primaryImageOfPage":{"@id":"https:\/\/boutiqueanimal.co\/producto\/tapete-entrenador-de-orina\/#primaryimage"},"image":{"@id":"https:\/\/boutiqueanimal.co\/producto\/tapete-entrenador-de-orina\/#primaryimage"},"thumbnailUrl":"https:\/\/boutiqueanimal.co\/wp-content\/uploads\/2025\/11\/tapete-higienico.jpg","datePublished":"2025-11-01T16:17:23+00:00","dateModified":"2026-04-28T18:51:33+00:00","breadcrumb":{"@id":"https:\/\/boutiqueanimal.co\/producto\/tapete-entrenador-de-orina\/#breadcrumb"},"inLanguage":"en-US","potentialAction":[{"@type":"ReadAction","target":["https:\/\/boutiqueanimal.co\/producto\/tapete-entrenador-de-orina\/"]}]},{"@type":"ImageObject","inLanguage":"en-US","@id":"https:\/\/boutiqueanimal.co\/producto\/tapete-entrenador-de-orina\/#primaryimage","url":"https:\/\/boutiqueanimal.co\/wp-content\/uploads\/2025\/11\/tapete-higienico.jpg","contentUrl":"https:\/\/boutiqueanimal.co\/wp-content\/uploads\/2025\/11\/tapete-higienico.jpg","width":750,"height":750},{"@type":"BreadcrumbList","@id":"https:\/\/boutiqueanimal.co\/producto\/tapete-entrenador-de-orina\/#breadcrumb","itemListElement":[{"@type":"ListItem","position":1,"name":"Inicio","item":"https:\/\/boutiqueanimal.co\/"},{"@type":"ListItem","position":2,"name":"Tienda","item":"https:\/\/boutiqueanimal.co\/tienda\/"},{"@type":"ListItem","position":3,"name":"Tapete Entrenador de Orina"}]},{"@type":"WebSite","@id":"https:\/\/boutiqueanimal.co\/#website","url":"https:\/\/boutiqueanimal.co\/","name":"Boutique Animal","description":"Tienda online de productos para mascotas en Colombia. Env\u00edos r\u00e1pidos y gratis en compras superiores a $100.000","publisher":{"@id":"https:\/\/boutiqueanimal.co\/#organization"},"potentialAction":[{"@type":"SearchAction","target":{"@type":"EntryPoint","urlTemplate":"https:\/\/boutiqueanimal.co\/?s={search_term_string}"},"query-input":{"@type":"PropertyValueSpecification","valueRequired":true,"valueName":"search_term_string"}}],"inLanguage":"en-US"},{"@type":"Organization","@id":"https:\/\/boutiqueanimal.co\/#organization","name":"Boutique Animal","url":"https:\/\/boutiqueanimal.co\/","logo":{"@type":"ImageObject","inLanguage":"en-US","@id":"https:\/\/boutiqueanimal.co\/#\/schema\/logo\/image\/","url":"https:\/\/boutiqueanimal.co\/wp-content\/uploads\/2025\/11\/perrito-pc-1024x1024-1.png","contentUrl":"https:\/\/boutiqueanimal.co\/wp-content\/uploads\/2025\/11\/perrito-pc-1024x1024-1.png","width":1024,"height":1024,"caption":"Boutique Animal"},"image":{"@id":"https:\/\/boutiqueanimal.co\/#\/schema\/logo\/image\/"},"sameAs":["https:\/\/www.facebook.com\/BoutiqueAnimalCo"]}]}},"_links":{"self":[{"href":"https:\/\/boutiqueanimal.co\/en\/wp-json\/wp\/v2\/product\/84","targetHints":{"allow":["GET"]}}],"collection":[{"href":"https:\/\/boutiqueanimal.co\/en\/wp-json\/wp\/v2\/product"}],"about":[{"href":"https:\/\/boutiqueanimal.co\/en\/wp-json\/wp\/v2\/types\/product"}],"wp:featuredmedia":[{"embeddable":true,"href":"https:\/\/boutiqueanimal.co\/en\/wp-json\/wp\/v2\/media\/196"}],"wp:attachment":[{"href":"https:\/\/boutiqueanimal.co\/en\/wp-json\/wp\/v2\/media?parent=84"}],"wp:term":[{"taxonomy":"product_brand","embeddable":true,"href":"https:\/\/boutiqueanimal.co\/en\/wp-json\/wp\/v2\/product_brand?post=84"},{"taxonomy":"product_cat","embeddable":true,"href":"https:\/\/boutiqueanimal.co\/en\/wp-json\/wp\/v2\/product_cat?post=84"},{"taxonomy":"product_tag","embeddable":true,"href":"https:\/\/boutiqueanimal.co\/en\/wp-json\/wp\/v2\/product_tag?post=84"}],"curies":[{"name":"wp","href":"https:\/\/api.w.org\/{rel}","templated":true}]}}